{"id":111,"date":"2022-07-25T15:34:04","date_gmt":"2022-07-25T13:34:04","guid":{"rendered":"http:\/\/djmanu-evenementiel.fr\/?page_id=111"},"modified":"2024-02-02T16:12:45","modified_gmt":"2024-02-02T15:12:45","slug":"prestation-effets-speciaux","status":"publish","type":"page","link":"https:\/\/djmanu-evenementiel.fr\/index.php\/prestation-effets-speciaux\/","title":{"rendered":"Prestation &#8211; effets sp\u00e9ciaux"},"content":{"rendered":"\n<p class=\"has-text-align-center has-large-font-size\">Hors forfait<\/p>\n\n\n\n<ul class=\"wp-block-list\">\n<li>R\u00e9troprojecteur + \u00e9cran (180\u20ac)<\/li>\n\n\n\n<li>Machine \u00e0 fum\u00e9e (50\u20ac)<\/li>\n\n\n\n<li>Machine \u00e0 fum\u00e9e lourde (300\u20ac)<\/li>\n\n\n\n<li>Machine \u00e0 jet de sc\u00e8ne (\u00e9tincelles) (300\u20ac)<\/li>\n\n\n\n<li>Machine \u00e0 neige (300\u20ac)<\/li>\n\n\n\n<li>Canon \u00e0 confettis (2\u20ac pi\u00e8ce)<\/li>\n\n\n\n<li>\u00c9clairages muraux x6 (200\u20ac)<\/li>\n\n\n\n<li>\u00c9clairages muraux x8 (260\u20ac)<\/li>\n<\/ul>\n\n\n\n<div style=\"height:399px\" aria-hidden=\"true\" class=\"wp-block-spacer\"><\/div>\n","protected":false},"excerpt":{"rendered":"<p>Hors forfait<\/p>\n","protected":false},"author":1,"featured_media":0,"parent":0,"menu_order":0,"comment_status":"closed","ping_status":"closed","template":"","meta":{"footnotes":""},"class_list":["post-111","page","type-page","status-publish","hentry"],"featured_media_urls":[],"_links":{"self":[{"href":"https:\/\/djmanu-evenementiel.fr\/index.php\/wp-json\/wp\/v2\/pages\/111","targetHints":{"allow":["GET"]}}],"collection":[{"href":"https:\/\/djmanu-evenementiel.fr\/index.php\/wp-json\/wp\/v2\/pages"}],"about":[{"href":"https:\/\/djmanu-evenementiel.fr\/index.php\/wp-json\/wp\/v2\/types\/page"}],"author":[{"embeddable":true,"href":"https:\/\/djmanu-evenementiel.fr\/index.php\/wp-json\/wp\/v2\/users\/1"}],"replies":[{"embeddable":true,"href":"https:\/\/djmanu-evenementiel.fr\/index.php\/wp-json\/wp\/v2\/comments?post=111"}],"version-history":[{"count":6,"href":"https:\/\/djmanu-evenementiel.fr\/index.php\/wp-json\/wp\/v2\/pages\/111\/revisions"}],"predecessor-version":[{"id":649,"href":"https:\/\/djmanu-evenementiel.fr\/index.php\/wp-json\/wp\/v2\/pages\/111\/revisions\/649"}],"wp:attachment":[{"href":"https:\/\/djmanu-evenementiel.fr\/index.php\/wp-json\/wp\/v2\/media?parent=111"}],"curies":[{"name":"wp","href":"https:\/\/api.w.org\/{rel}","templated":true}]}}